{"id":450,"date":"2023-05-31T12:39:18","date_gmt":"2023-05-31T10:39:18","guid":{"rendered":"https:\/\/menorcahomeprojects.com\/cookie-policy\/"},"modified":"2024-03-21T14:04:18","modified_gmt":"2024-03-21T12:04:18","slug":"cookie-policy","status":"publish","type":"page","link":"https:\/\/menorcahomeprojects.com\/en\/cookie-policy\/","title":{"rendered":"Cookie Policy"},"content":{"rendered":"\n<div style=\"height:80px\" aria-hidden=\"true\" class=\"wp-block-spacer\"><\/div>\n\n\n\n<p>The domain <strong>menorcahomeprojects.com<\/strong> uses automatic \u201cCookies\u201d collection procedures to gather personal information such as the type of browser or operating system, reference page, route, ISSP domain, etc. All this in order to improve the services provided. \u201cCookies\u201d help us adapt this website to your personal needs.<\/p>\n\n\n\n<div style=\"height:20px\" aria-hidden=\"true\" class=\"wp-block-spacer\"><\/div>\n\n\n\n<h2 class=\"wp-block-heading has-primary-color has-text-color\" id=\"what-are-cookies\">What are cookies?<\/h2>\n\n\n\n<p>A \u201cCookie\u201d is a small file that is stored on the user\u2019s computer and allows us to recognize him. The set of \u201cCookies\u201d helps us improve the quality of our website, thus allowing us to personalize to a certain extent the navigation of each user on our website. \u201cCookies\u201d are currently essential for the operation of the Internet, providing innumerable advantages in the provision of interactive services, facilitating the navigation and usability of our website.<\/p>\n\n\n\n<p>Please note that \u201cCookies\u201d cannot harm your equipment and, in return, that they are activated help us to identify and resolve errors and improve the navigability of our website by providing a better experience.<\/p>\n\n\n\n<p>Cookies are used to:<\/p>\n\n\n\n<ul>\n<li>Make sure that web pages work properly.<\/li>\n\n\n\n<li>Store your preferences, like language or font size.<\/li>\n\n\n\n<li>Find out about the user\u2019s browsing experience.<\/li>\n\n\n\n<li>Compile anonymous statistical information, like which pages the user has visited or how long they have spent on the website.<\/li>\n<\/ul>\n\n\n\n<div style=\"height:20px\" aria-hidden=\"true\" class=\"wp-block-spacer\"><\/div>\n\n\n\n<h2 class=\"wp-block-heading has-primary-color has-text-color\" id=\"type-purpose-and-operation\">Type, purpose and operation<\/h2>\n\n\n\n<p>Depending on their permanence, Cookies can be divided into two categories: session cookies and persistent cookies. The former expires when the user closes the browser. Whereas the latter expire when their aim is achieved or when they are deleted manually.<\/p>\n\n\n\n<p>In addition, depending on their aim, Cookies can be classified as follows:<\/p>\n\n\n\n<ul>\n<li>Required: those that are strictly necessary and essential for the correct functioning of the Website. They are normally generated once the user visits the website or logs in and are used as a form of identification on the website with the following objectives:\n<ul>\n<li>They keep the user identified in such a way that, if they leave the website, exit the browser or device and then visit the page at a later time, they continued to be identified, which makes browsing easier as they do not have to identify themselves over again.<\/li>\n\n\n\n<li>They confirm whether or not the User is authorized to access certain services or areas of the Website.<\/li>\n<\/ul>\n<\/li>\n<\/ul>\n\n\n\n<ul>\n<li>Preferred: These enable the Website to record information related to the way that it behaves and its appearance \u2013 such as the language or the region where it is located.<\/li>\n\n\n\n<li>Statistical\/analytical: These are used to analyse and improve the browsing experience, optimise the functioning of the website, and see how visitors interact, by collecting and reporting information \u2013 usually anonymously, but sometimes also uniquely and unmistakably identifying the user \u2013 in order to obtain reports on the interests of users in the services offered by the website.<\/li>\n\n\n\n<li>Marketing: These cookies collect information about adverts shown to website users. There are two types:\n\n\n\n\n\n\n\n\n<ul>\n<li>Anonymous: These collect information only about the advertising spaces shown on the Website, regardless of the user who browses without not expressly identifying him or herself.<\/li>\n<\/ul>\n\n\n\n<ul>\n<li>Custom: They collect the user\u2019s personal information from the website on behalf of a third party, in order to customise ad spaces.<\/li>\n<\/ul>\n<\/li>\n\n\n\n<li>Geolocation: These cookies are used to determine the country of the user when they visit a service on a website, in order to offer content and services suitable to their location.<\/li>\n<\/ul>\n\n\n\n<div style=\"height:20px\" aria-hidden=\"true\" class=\"wp-block-spacer\"><\/div>\n\n\n\n<h2 class=\"wp-block-heading has-primary-color has-text-color\" id=\"adequate-privacy-cookie-management\">Adequate privacy \/ Cookie management<\/h2>\n\n\n\n<p>For more information about the appropriate configuration of cookies and the activation, restriction and \/ or disabling options, you should go to the help section of your browser to learn more:<\/p>\n\n\n\n<p>Google Chrome <a href=\"http:\/\/support.google.com\/chrome\/bin\/answer.py?hl=es&amp;answer=95647\">http:\/\/support.google.com\/chrome\/bin\/answer.py?hl=es&amp;amp;answer=95647<\/a><br>Internet Explorer <a href=\"http:\/\/support.microsoft.com\/es-es\/help\/17442\/windows-internet-explorer-delete-manage-cookies\">http:\/\/support.microsoft.com\/es-es\/help\/17442\/windows-internet-explorer-delete-manage-cookies<\/a><br>Mozilla Firefox <a href=\"http:\/\/support.mozilla.org\/es\/kb\/habilitar-y-deshabilitar-cookies-que-los-sitios-we\">http:\/\/support.mozilla.org\/es\/kb\/habilitar-y-deshabilitar-cookies-que-los-sitios-we<\/a><br>Apple Safari <a href=\"http:\/\/support.apple.com\/kb\/ph5042\">http:\/\/support.apple.com\/kb\/ph5042<\/a><\/p>\n\n\n\n<p>The user must know that, when disabling Cookies, some of the features and services may be disabled or have a different behaviour than expected, such as, for example, staying identified, keeping purchases in the cart, its location, etc. among others and that its navigation is notably degraded.<\/p>\n\n\n\n<div style=\"height:20px\" aria-hidden=\"true\" class=\"wp-block-spacer\"><\/div>\n\n\n\n<h2 class=\"wp-block-heading has-primary-color has-text-color\" id=\"updating-of-the-cookies-policy\">Updating of the Cookies Policy<\/h2>\n\n\n\n<p>The data controller may modify this Cookies Policy based on legislative or regulatory requirements, or in order to adapt said policy to the instructions issued.<br><\/p>\n\n\n\n<p>Una \u201cCookie\u201d es un peque\u00f1o archivo que se almacena en el ordenador del usuario y nos permite reconocerle. El conjunto de \u201cCookies\u201d nos ayuda a mejorar la calidad de nuestra web permiti\u00e9ndonos as\u00ed personalizar hasta cierto punto la navegaci\u00f3n de cada usuario por nuestra web.<\/p>\n\n\n\n<p>Las \u201cCookies\u201d actualmente son esenciales para el funcionamiento de Internet, aportando innumerables ventajas en la prestaci\u00f3n de servicios interactivos, facilit\u00e1ndole la navegaci\u00f3n y usabilidad de nuestra web.<\/p>\n\n\n\n<p>Tenga en cuenta que las \u201cCookies\u201d no pueden da\u00f1ar su equipo y que, a cambio, el que est\u00e9n activadas nos ayudan a identificar y resolver los errores y mejorar la navegabilidad de nuestro sitio web proporcionando una mejor experiencia.<\/p>\n\n\n\n<p>Se utilizan Cookies para: Asegurar que las p\u00e1ginas web puedan funcionar correctamente. Almacenar las preferencias, como el idioma o la medida de la letra. Conocer la experiencia de navegaciones del usuario. Recopilar informaci\u00f3n estad\u00edstica an\u00f3nima, como p\u00e1ginas ha visitado el usuario o cu\u00e1nto tiempo ha estado en el sitio web.<\/p>\n\n\n\n<p>Su consentimiento se aplica a los siguientes dominios: menorcahomeprojects.com<\/p>\n","protected":false},"excerpt":{"rendered":"<p>The domain menorcahomeprojects.com uses automatic \u201cCookies\u201d collection procedures to gather personal information such as the type of browser or operating system, reference page, route, ISSP domain, etc. All this in order to improve the services provided. \u201cCookies\u201d help us adapt this website to your personal needs. What are cookies? A \u201cCookie\u201d is a small file [&#8230;]<\/p>\n<p><a class=\"understrap-read-more-link\" href=\"https:\/\/menorcahomeprojects.com\/en\/cookie-policy\/\">Continue Reading&#8230;<\/a><\/p>\n","protected":false},"author":1,"featured_media":0,"parent":0,"menu_order":0,"comment_status":"closed","ping_status":"closed","template":"","meta":{"ub_ctt_via":"","ghostkit_customizer_options":"","ghostkit_custom_css":"","ghostkit_custom_js_head":"","ghostkit_custom_js_foot":"","ghostkit_typography":"","_coblocks_attr":"","_coblocks_dimensions":"","_coblocks_responsive_height":"","_coblocks_accordion_ie_support":"","footnotes":"","_vp_format_video_url":"","_vp_image_focal_point":[]},"featured_image_src":null,"yoast_head":"<!-- This site is optimized with the Yoast SEO plugin v22.1 - https:\/\/yoast.com\/wordpress\/plugins\/seo\/ -->\n<title>Cookie Policy - Menorca Home Projects<\/title>\n<meta name=\"robots\" content=\"noindex, nofollow\" \/>\n<meta property=\"og:locale\" content=\"en_US\" \/>\n<meta property=\"og:type\" content=\"article\" \/>\n<meta property=\"og:title\" content=\"Cookie Policy - Menorca Home Projects\" \/>\n<meta property=\"og:description\" content=\"The domain menorcahomeprojects.com uses automatic \u201cCookies\u201d collection procedures to gather personal information such as the type of browser or operating system, reference page, route, ISSP domain, etc. All this in order to improve the services provided. \u201cCookies\u201d help us adapt this website to your personal needs. What are cookies? A \u201cCookie\u201d is a small file [...]Continue Reading...\" \/>\n<meta property=\"og:url\" content=\"https:\/\/menorcahomeprojects.com\/en\/cookie-policy\/\" \/>\n<meta property=\"og:site_name\" content=\"Menorca Home Projects\" \/>\n<meta property=\"article:modified_time\" content=\"2024-03-21T12:04:18+00:00\" \/>\n<meta name=\"twitter:card\" content=\"summary_large_image\" \/>\n<meta name=\"twitter:label1\" content=\"Est. reading time\" \/>\n\t<meta name=\"twitter:data1\" content=\"4 minutes\" \/>\n<script type=\"application\/ld+json\" class=\"yoast-schema-graph\">{\"@context\":\"https:\/\/schema.org\",\"@graph\":[{\"@type\":\"WebPage\",\"@id\":\"https:\/\/menorcahomeprojects.com\/en\/cookie-policy\/\",\"url\":\"https:\/\/menorcahomeprojects.com\/en\/cookie-policy\/\",\"name\":\"Cookie Policy - Menorca Home Projects\",\"isPartOf\":{\"@id\":\"https:\/\/menorcahomeprojects.com\/en\/#website\"},\"datePublished\":\"2023-05-31T10:39:18+00:00\",\"dateModified\":\"2024-03-21T12:04:18+00:00\",\"breadcrumb\":{\"@id\":\"https:\/\/menorcahomeprojects.com\/en\/cookie-policy\/#breadcrumb\"},\"inLanguage\":\"en-US\",\"potentialAction\":[{\"@type\":\"ReadAction\",\"target\":[\"https:\/\/menorcahomeprojects.com\/en\/cookie-policy\/\"]}]},{\"@type\":\"BreadcrumbList\",\"@id\":\"https:\/\/menorcahomeprojects.com\/en\/cookie-policy\/#breadcrumb\",\"itemListElement\":[{\"@type\":\"ListItem\",\"position\":1,\"name\":\"Home\",\"item\":\"https:\/\/menorcahomeprojects.com\/en\/sample-page\/\"},{\"@type\":\"ListItem\",\"position\":2,\"name\":\"Cookie Policy\"}]},{\"@type\":\"WebSite\",\"@id\":\"https:\/\/menorcahomeprojects.com\/en\/#website\",\"url\":\"https:\/\/menorcahomeprojects.com\/en\/\",\"name\":\"Menorca Home Projects\",\"description\":\"Intelligent | Building |\u00a0Renovation\",\"publisher\":{\"@id\":\"https:\/\/menorcahomeprojects.com\/en\/#organization\"},\"potentialAction\":[{\"@type\":\"SearchAction\",\"target\":{\"@type\":\"EntryPoint\",\"urlTemplate\":\"https:\/\/menorcahomeprojects.com\/en\/?s={search_term_string}\"},\"query-input\":\"required name=search_term_string\"}],\"inLanguage\":\"en-US\"},{\"@type\":\"Organization\",\"@id\":\"https:\/\/menorcahomeprojects.com\/en\/#organization\",\"name\":\"Menorca Home Projects\",\"url\":\"https:\/\/menorcahomeprojects.com\/en\/\",\"logo\":{\"@type\":\"ImageObject\",\"inLanguage\":\"en-US\",\"@id\":\"https:\/\/menorcahomeprojects.com\/en\/#\/schema\/logo\/image\/\",\"url\":\"https:\/\/menorcahomeprojects.com\/wp-content\/uploads\/sites\/3\/2026\/04\/menorca_home_projects_logo_v2.png\",\"contentUrl\":\"https:\/\/menorcahomeprojects.com\/wp-content\/uploads\/sites\/3\/2026\/04\/menorca_home_projects_logo_v2.png\",\"width\":563,\"height\":128,\"caption\":\"Menorca Home Projects\"},\"image\":{\"@id\":\"https:\/\/menorcahomeprojects.com\/en\/#\/schema\/logo\/image\/\"}}]}<\/script>\n<!-- \/ Yoast SEO plugin. -->","yoast_head_json":{"title":"Cookie Policy - Menorca Home Projects","robots":{"index":"noindex","follow":"nofollow"},"og_locale":"en_US","og_type":"article","og_title":"Cookie Policy - Menorca Home Projects","og_description":"The domain menorcahomeprojects.com uses automatic \u201cCookies\u201d collection procedures to gather personal information such as the type of browser or operating system, reference page, route, ISSP domain, etc. All this in order to improve the services provided. \u201cCookies\u201d help us adapt this website to your personal needs. What are cookies? A \u201cCookie\u201d is a small file [...]Continue Reading...","og_url":"https:\/\/menorcahomeprojects.com\/en\/cookie-policy\/","og_site_name":"Menorca Home Projects","article_modified_time":"2024-03-21T12:04:18+00:00","twitter_card":"summary_large_image","twitter_misc":{"Est. reading time":"4 minutes"},"schema":{"@context":"https:\/\/schema.org","@graph":[{"@type":"WebPage","@id":"https:\/\/menorcahomeprojects.com\/en\/cookie-policy\/","url":"https:\/\/menorcahomeprojects.com\/en\/cookie-policy\/","name":"Cookie Policy - Menorca Home Projects","isPartOf":{"@id":"https:\/\/menorcahomeprojects.com\/en\/#website"},"datePublished":"2023-05-31T10:39:18+00:00","dateModified":"2024-03-21T12:04:18+00:00","breadcrumb":{"@id":"https:\/\/menorcahomeprojects.com\/en\/cookie-policy\/#breadcrumb"},"inLanguage":"en-US","potentialAction":[{"@type":"ReadAction","target":["https:\/\/menorcahomeprojects.com\/en\/cookie-policy\/"]}]},{"@type":"BreadcrumbList","@id":"https:\/\/menorcahomeprojects.com\/en\/cookie-policy\/#breadcrumb","itemListElement":[{"@type":"ListItem","position":1,"name":"Home","item":"https:\/\/menorcahomeprojects.com\/en\/sample-page\/"},{"@type":"ListItem","position":2,"name":"Cookie Policy"}]},{"@type":"WebSite","@id":"https:\/\/menorcahomeprojects.com\/en\/#website","url":"https:\/\/menorcahomeprojects.com\/en\/","name":"Menorca Home Projects","description":"Intelligent | Building |\u00a0Renovation","publisher":{"@id":"https:\/\/menorcahomeprojects.com\/en\/#organization"},"potentialAction":[{"@type":"SearchAction","target":{"@type":"EntryPoint","urlTemplate":"https:\/\/menorcahomeprojects.com\/en\/?s={search_term_string}"},"query-input":"required name=search_term_string"}],"inLanguage":"en-US"},{"@type":"Organization","@id":"https:\/\/menorcahomeprojects.com\/en\/#organization","name":"Menorca Home Projects","url":"https:\/\/menorcahomeprojects.com\/en\/","logo":{"@type":"ImageObject","inLanguage":"en-US","@id":"https:\/\/menorcahomeprojects.com\/en\/#\/schema\/logo\/image\/","url":"https:\/\/menorcahomeprojects.com\/wp-content\/uploads\/sites\/3\/2026\/04\/menorca_home_projects_logo_v2.png","contentUrl":"https:\/\/menorcahomeprojects.com\/wp-content\/uploads\/sites\/3\/2026\/04\/menorca_home_projects_logo_v2.png","width":563,"height":128,"caption":"Menorca Home Projects"},"image":{"@id":"https:\/\/menorcahomeprojects.com\/en\/#\/schema\/logo\/image\/"}}]}},"_links":{"self":[{"href":"https:\/\/menorcahomeprojects.com\/en\/wp-json\/wp\/v2\/pages\/450"}],"collection":[{"href":"https:\/\/menorcahomeprojects.com\/en\/wp-json\/wp\/v2\/pages"}],"about":[{"href":"https:\/\/menorcahomeprojects.com\/en\/wp-json\/wp\/v2\/types\/page"}],"author":[{"embeddable":true,"href":"https:\/\/menorcahomeprojects.com\/en\/wp-json\/wp\/v2\/users\/1"}],"replies":[{"embeddable":true,"href":"https:\/\/menorcahomeprojects.com\/en\/wp-json\/wp\/v2\/comments?post=450"}],"version-history":[{"count":3,"href":"https:\/\/menorcahomeprojects.com\/en\/wp-json\/wp\/v2\/pages\/450\/revisions"}],"predecessor-version":[{"id":593,"href":"https:\/\/menorcahomeprojects.com\/en\/wp-json\/wp\/v2\/pages\/450\/revisions\/593"}],"wp:attachment":[{"href":"https:\/\/menorcahomeprojects.com\/en\/wp-json\/wp\/v2\/media?parent=450"}],"curies":[{"name":"wp","href":"https:\/\/api.w.org\/{rel}","templated":true}]}}